{"id":33,"date":"2019-04-09T15:08:14","date_gmt":"2019-04-09T15:08:14","guid":{"rendered":"https:\/\/zweimitprinz.ch\/?page_id=33"},"modified":"2024-11-02T00:26:54","modified_gmt":"2024-11-02T00:26:54","slug":"ueber-uns","status":"publish","type":"page","link":"https:\/\/zweimitprinz.ch\/index.php\/ueber-uns\/","title":{"rendered":"\u00dcber uns"},"content":{"rendered":"\n<hr class=\"wp-block-separator has-css-opacity is-style-default\"\/>\n\n\n\n<div class=\"wp-block-group is-layout-grid wp-container-core-group-is-layout-9649a0d9 wp-block-group-is-layout-grid\">\n<figure class=\"wp-block-image size-large\"><img loading=\"lazy\" decoding=\"async\" width=\"1024\" height=\"1024\" src=\"https:\/\/zweimitprinz.ch\/wp-content\/uploads\/2024\/11\/portrait-carmela-2-1024x1024.jpg\" alt=\"\" class=\"wp-image-505\" srcset=\"https:\/\/zweimitprinz.ch\/wp-content\/uploads\/2024\/11\/portrait-carmela-2-1024x1024.jpg 1024w, https:\/\/zweimitprinz.ch\/wp-content\/uploads\/2024\/11\/portrait-carmela-2-300x300.jpg 300w, https:\/\/zweimitprinz.ch\/wp-content\/uploads\/2024\/11\/portrait-carmela-2-150x150.jpg 150w, https:\/\/zweimitprinz.ch\/wp-content\/uploads\/2024\/11\/portrait-carmela-2-768x768.jpg 768w, https:\/\/zweimitprinz.ch\/wp-content\/uploads\/2024\/11\/portrait-carmela-2-1536x1536.jpg 1536w, https:\/\/zweimitprinz.ch\/wp-content\/uploads\/2024\/11\/portrait-carmela-2-2048x2048.jpg 2048w, https:\/\/zweimitprinz.ch\/wp-content\/uploads\/2024\/11\/portrait-carmela-2-640x640.jpg 640w, https:\/\/zweimitprinz.ch\/wp-content\/uploads\/2024\/11\/portrait-carmela-2-180x180.jpg 180w\" sizes=\"auto, (max-width: 1024px) 100vw, 1024px\" \/><\/figure>\n\n\n\n<p class=\"wp-container-content-5f80b302\">Carmela Franco singt ihrem Namen treu mit s\u00fcditalienisch warmer Herzensstimme. Dadurch breiten sich ihre Lieder aus und nehmen die Zuh\u00f6rer mit auf eine wohltuende Reise. Mit ihrer starken Stimmpr\u00e4senz, ihrem gesunden Optimismus sowie ihrer kraftvollen Herzausstrahlung&nbsp; enth\u00e4lt ihre Musik stets ein liebevolles St\u00fcck Magie. <\/p>\n<\/div>\n\n\n\n<hr class=\"wp-block-separator has-alpha-channel-opacity\"\/>\n\n\n\n<div class=\"wp-block-group is-layout-grid wp-container-core-group-is-layout-9649a0d9 wp-block-group-is-layout-grid\">\n<figure class=\"wp-block-image size-large\"><img loading=\"lazy\" decoding=\"async\" width=\"1024\" height=\"1024\" src=\"https:\/\/zweimitprinz.ch\/wp-content\/uploads\/2024\/11\/portrait-olaf-1-1024x1024.jpg\" alt=\"\" class=\"wp-image-506\" srcset=\"https:\/\/zweimitprinz.ch\/wp-content\/uploads\/2024\/11\/portrait-olaf-1-1024x1024.jpg 1024w, https:\/\/zweimitprinz.ch\/wp-content\/uploads\/2024\/11\/portrait-olaf-1-300x300.jpg 300w\" sizes=\"auto, (max-width: 1024px) 100vw, 1024px\" \/><\/figure>\n\n\n\n<p class=\"wp-container-content-5f80b302\">Olaf Prinz spielte auf dem Schlagzeug schon fast alles: Von Pop zu Rock \u00fcber Heavymetal bis zum Jazz. Bin\u00e4r oder tern\u00e4r? Keine Ahnung! Olaf Prinz spielt spontan nach seinem Bauchgef\u00fchl und kann die Band so stets kreativ erg\u00e4nzen, einf\u00fchlsam begleiten und auch immer wieder mit \u00dcberraschendem bereichern.<\/p>\n<\/div>\n\n\n\n<hr class=\"wp-block-separator has-alpha-channel-opacity\"\/>\n\n\n\n<div class=\"wp-block-group is-layout-grid wp-container-core-group-is-layout-9649a0d9 wp-block-group-is-layout-grid\">\n<figure class=\"wp-block-image size-large\"><img loading=\"lazy\" decoding=\"async\" width=\"1024\" height=\"1024\" src=\"https:\/\/zweimitprinz.ch\/wp-content\/uploads\/2024\/11\/portrait-judith-1-1024x1024.jpg\" alt=\"\" class=\"wp-image-507\" srcset=\"https:\/\/zweimitprinz.ch\/wp-content\/uploads\/2024\/11\/portrait-judith-1-1024x1024.jpg 1024w, https:\/\/zweimitprinz.ch\/wp-content\/uploads\/2024\/11\/portrait-judith-1-300x300.jpg 300w, https:\/\/zweimitprinz.ch\/wp-content\/uploads\/2024\/11\/portrait-judith-1-150x150.jpg 150w\" sizes=\"auto, (max-width: 1024px) 100vw, 1024px\" \/><\/figure>\n\n\n\n<p class=\"wp-container-content-5f80b302\">Vielseitig, ideenreich und pr\u00e4zise: Judith Hopfeng\u00e4rtner ist die neue Pianistin von zweimitprinz. Sie hat Altes mit Respekt \u00fcbernommen, Neues stilsicher arrangiert.&nbsp;Sensibel setzt sie ihre&nbsp;Akzente und zaubert f\u00fcr jeden Song die passende Atmosph\u00e4re.<\/p>\n<\/div>\n\n\n\n<hr class=\"wp-block-separator has-css-opacity\"\/>\n\n\n\n<hr class=\"wp-block-separator has-css-opacity\"\/>\n\n\n\n<p><\/p>\n","protected":false},"excerpt":{"rendered":"<p>Carmela Franco singt ihrem Namen treu mit s\u00fcditalienisch warmer Herzensstimme. Dadurch breiten sich ihre Lieder aus und nehmen die Zuh\u00f6rer mit auf eine wohltuende Reise. Mit ihrer starken Stimmpr\u00e4senz, ihrem<a href=\"https:\/\/zweimitprinz.ch\/index.php\/ueber-uns\/\" class=\"more-link\"><span class=\"readmore\">Continue reading<span class=\"screen-reader-text\">\u00dcber uns<\/span><\/span><\/a><\/p>\n","protected":false},"author":2,"featured_media":0,"parent":0,"menu_order":0,"comment_status":"closed","ping_status":"closed","template":"","meta":{"footnotes":""},"class_list":["post-33","page","type-page","status-publish","hentry"],"_links":{"self":[{"href":"https:\/\/zweimitprinz.ch\/index.php\/wp-json\/wp\/v2\/pages\/33","targetHints":{"allow":["GET"]}}],"collection":[{"href":"https:\/\/zweimitprinz.ch\/index.php\/wp-json\/wp\/v2\/pages"}],"about":[{"href":"https:\/\/zweimitprinz.ch\/index.php\/wp-json\/wp\/v2\/types\/page"}],"author":[{"embeddable":true,"href":"https:\/\/zweimitprinz.ch\/index.php\/wp-json\/wp\/v2\/users\/2"}],"replies":[{"embeddable":true,"href":"https:\/\/zweimitprinz.ch\/index.php\/wp-json\/wp\/v2\/comments?post=33"}],"version-history":[{"count":42,"href":"https:\/\/zweimitprinz.ch\/index.php\/wp-json\/wp\/v2\/pages\/33\/revisions"}],"predecessor-version":[{"id":511,"href":"https:\/\/zweimitprinz.ch\/index.php\/wp-json\/wp\/v2\/pages\/33\/revisions\/511"}],"wp:attachment":[{"href":"https:\/\/zweimitprinz.ch\/index.php\/wp-json\/wp\/v2\/media?parent=33"}],"curies":[{"name":"wp","href":"https:\/\/api.w.org\/{rel}","templated":true}]}}